{"id":53,"date":"2024-02-27T14:10:45","date_gmt":"2024-02-27T17:10:45","guid":{"rendered":"https:\/\/electroriego.com\/?page_id=53"},"modified":"2024-03-02T20:40:54","modified_gmt":"2024-03-02T23:40:54","slug":"quienes-somos","status":"publish","type":"page","link":"https:\/\/electroriego.com\/?page_id=53","title":{"rendered":"Quienes somos?"},"content":{"rendered":"\t\t<div data-elementor-type=\"wp-page\" data-elementor-id=\"53\" class=\"elementor elementor-53\">\n\t\t\t\t<div class=\"elementor-element elementor-element-f20fba3 e-con-full animated-slow e-flex elementor-invisible e-con e-parent\" data-id=\"f20fba3\" data-element_type=\"container\" data-settings=\"{&quot;animation&quot;:&quot;bounceInDown&quot;}\">\n\t\t\t\t<div class=\"elementor-element elementor-element-327a67f elementor-widget__width-initial elementor-absolute elementor-widget elementor-widget-text-editor\" data-id=\"327a67f\" data-element_type=\"widget\" data-settings=\"{&quot;_position&quot;:&quot;absolute&quot;}\" data-widget_type=\"text-editor.default\">\n\t\t\t\t<div class=\"elementor-widget-container\">\n\t\t\t\t\t\t\t\t\t<p>Somos Electro Riego, una empresa comprometida con la excelencia en la provisi\u00f3n de soluciones integrales de riego y servicios el\u00e9ctricos. Desde nuestros inicios, nos hemos destacado por nuestra dedicaci\u00f3n a satisfacer las necesidades de nuestros clientes, ofreciendo instalaciones de riego de alta calidad para parques y jardines, as\u00ed como servicios el\u00e9ctricos especializados.<\/p>\t\t\t\t\t\t\t\t<\/div>\n\t\t\t\t<\/div>\n\t\t\t\t<div class=\"elementor-element elementor-element-7fb46fc elementor-widget__width-initial elementor-absolute elementor-widget elementor-widget-text-editor\" data-id=\"7fb46fc\" data-element_type=\"widget\" data-settings=\"{&quot;_position&quot;:&quot;absolute&quot;}\" data-widget_type=\"text-editor.default\">\n\t\t\t\t<div class=\"elementor-widget-container\">\n\t\t\t\t\t\t\t\t\t<p>Con el objetivo de mejorar continuamente nuestros servicios y adaptarnos a las necesidades cambiantes de nuestros clientes, nos encontramos en un proceso de renovaci\u00f3n. En un mundo cada vez m\u00e1s conectado, hemos lanzado una plataforma en l\u00ednea que permite a nuestros clientes acceder a nuestros productos y servicios desde la comodidad de sus hogares o lugares de trabajo.<\/p>\t\t\t\t\t\t\t\t<\/div>\n\t\t\t\t<\/div>\n\t\t\t\t<div class=\"elementor-element elementor-element-6711d79 elementor-widget__width-initial elementor-absolute elementor-widget elementor-widget-text-editor\" data-id=\"6711d79\" data-element_type=\"widget\" data-settings=\"{&quot;_position&quot;:&quot;absolute&quot;}\" data-widget_type=\"text-editor.default\">\n\t\t\t\t<div class=\"elementor-widget-container\">\n\t\t\t\t\t\t\t\t\t<div class=\"flex-1 overflow-hidden\"><div class=\"react-scroll-to-bottom--css-todij-79elbk h-full\"><div class=\"react-scroll-to-bottom--css-todij-1n7m0yu\"><div class=\"flex flex-col text-sm pb-9\"><div class=\"w-full text-token-text-primary\" data-testid=\"conversation-turn-5\"><div class=\"px-4 py-2 justify-center text-base md:gap-6 m-auto\"><div class=\"flex flex-1 text-base mx-auto gap-3 md:px-5 lg:px-1 xl:px-5 md:max-w-3xl lg:max-w-[40rem] xl:max-w-[48rem] group final-completion\"><div class=\"relative flex w-full flex-col agent-turn\"><div class=\"flex-col gap-1 md:gap-3\"><div class=\"flex flex-grow flex-col max-w-full\"><div class=\"min-h-[20px] text-message flex flex-col items-start gap-3 whitespace-pre-wrap break-words [.text-message+&amp;]:mt-5 overflow-x-auto\" data-message-author-role=\"assistant\" data-message-id=\"a81ad732-7822-4b23-bd53-b174ad7bbc64\"><div class=\"markdown prose w-full break-words dark:prose-invert light\"><p>A trav\u00e9s de nuestra p\u00e1gina web, ofrecemos asesoramiento en l\u00ednea personalizado, donde nuestros expertos est\u00e1n disponibles para brindar orientaci\u00f3n y recomendaciones sobre sistemas de riego y servicios el\u00e9ctricos. Adem\u00e1s, hemos implementado una tienda virtual donde nuestros clientes pueden adquirir f\u00e1cilmente los productos y materiales necesarios para sus proyectos de riego y el\u00e9ctricos, con la garant\u00eda de calidad y confiabilidad que nos caracteriza.<\/p><p>En Electro Riego, estamos comprometidos con la satisfacci\u00f3n del cliente y la excelencia en todo lo que hacemos. Ya sea a trav\u00e9s de nuestras instalaciones de riego, servicios el\u00e9ctricos o nuestra plataforma en l\u00ednea, nos esforzamos por ofrecer soluciones innovadoras y de calidad que superen las expectativas de nuestros clientes.<\/p><p>\u00a1Conf\u00ede en Electro Riego para todas sus necesidades de riego y electricidad, estamos aqu\u00ed para ayudarle a hacer florecer sus espacios verdes y mantenerlos brillando!<\/p><\/div><\/div><\/div><div class=\"mt-1 flex justify-start gap-3 empty:hidden\"><div class=\"text-gray-400 flex self-end lg:self-center justify-center lg:justify-start mt-0 -ml-1 h-7 visible\"><button class=\"flex items-center gap-1.5 rounded-md p-1 text-xs text-token-text-tertiary hover:text-token-text-primary md:invisible md:group-hover:visible md:group-[.final-completion]:visible\"><\/button><div class=\"flex items-center gap-1.5 text-xs\">\u00a0<\/div><div class=\"flex\">\u00a0<\/div><\/div><\/div><\/div><\/div><\/div><\/div><\/div><\/div><\/div><\/div><\/div><div class=\"w-full pt-2 md:pt-0 dark:border-white\/20 md:border-transparent md:dark:border-transparent md:w-[calc(100%-.5rem)]\"><form class=\"stretch mx-2 flex flex-row gap-3 last:mb-2 md:mx-4 md:last:mb-6 lg:mx-auto lg:max-w-2xl xl:max-w-3xl\"><div class=\"relative flex h-full flex-1 flex-col\"><div class=\"flex w-full items-center\">\u00a0<\/div><\/div><\/form><\/div>\t\t\t\t\t\t\t\t<\/div>\n\t\t\t\t<\/div>\n\t\t\t\t<div class=\"elementor-element elementor-element-139b56b elementor-absolute elementor-widget elementor-widget-heading\" data-id=\"139b56b\" data-element_type=\"widget\" data-settings=\"{&quot;_position&quot;:&quot;absolute&quot;}\" data-widget_type=\"heading.default\">\n\t\t\t\t<div class=\"elementor-widget-container\">\n\t\t\t\t\t<h2 class=\"elementor-heading-title elementor-size-default\">Quienes somos?<\/h2>\t\t\t\t<\/div>\n\t\t\t\t<\/div>\n\t\t\t\t<div class=\"elementor-element elementor-element-304eada elementor-absolute elementor-widget-mobile__width-initial elementor-widget elementor-widget-heading\" data-id=\"304eada\" data-element_type=\"widget\" data-settings=\"{&quot;_position&quot;:&quot;absolute&quot;}\" data-widget_type=\"heading.default\">\n\t\t\t\t<div class=\"elementor-widget-container\">\n\t\t\t\t\t<h2 class=\"elementor-heading-title elementor-size-default\">Nuestra especialidad: Riego y Electricidad<\/h2>\t\t\t\t<\/div>\n\t\t\t\t<\/div>\n\t\t\t\t<div class=\"elementor-element elementor-element-6693ac7 elementor-absolute elementor-widget-mobile__width-initial elementor-widget elementor-widget-text-editor\" data-id=\"6693ac7\" data-element_type=\"widget\" data-settings=\"{&quot;_position&quot;:&quot;absolute&quot;}\" data-widget_type=\"text-editor.default\">\n\t\t\t\t<div class=\"elementor-widget-container\">\n\t\t\t\t\t\t\t\t\t<p>En Electro Riego, nos enorgullece ofrecer soluciones completas para el cuidado y mantenimiento de \u00e1reas verdes. Nos especializamos en el dise\u00f1o, instalaci\u00f3n y mantenimiento de sistemas de riego eficientes y personalizados, adaptados a las necesidades espec\u00edficas de cada cliente. Ya sea para grandes espacios p\u00fablicos, parques residenciales o jardines privados, contamos con la experiencia y el conocimiento t\u00e9cnico necesario para garantizar resultados \u00f3ptimos.<\/p><p>Adem\u00e1s de nuestro enfoque en el riego, tambi\u00e9n brindamos servicios el\u00e9ctricos de alta calidad. Nuestro equipo de t\u00e9cnicos capacitados est\u00e1 preparado para realizar una amplia gama de trabajos el\u00e9ctricos, desde instalaciones b\u00e1sicas hasta proyectos m\u00e1s complejos. Nos comprometemos a proporcionar soluciones seguras y eficientes que cumplan con los m\u00e1s altos est\u00e1ndares de calidad y seguridad.<\/p>\t\t\t\t\t\t\t\t<\/div>\n\t\t\t\t<\/div>\n\t\t\t\t<div class=\"elementor-element elementor-element-c4f6d92 elementor-absolute elementor-widget-mobile__width-initial elementor-widget elementor-widget-heading\" data-id=\"c4f6d92\" data-element_type=\"widget\" data-settings=\"{&quot;_position&quot;:&quot;absolute&quot;}\" data-widget_type=\"heading.default\">\n\t\t\t\t<div class=\"elementor-widget-container\">\n\t\t\t\t\t<h2 class=\"elementor-heading-title elementor-size-default\">Renovaci\u00f3n y Adaptaci\u00f3n al Mundo Digital<\/h2>\t\t\t\t<\/div>\n\t\t\t\t<\/div>\n\t\t\t\t<div class=\"elementor-element elementor-element-11e2790 elementor-absolute elementor-widget elementor-widget-heading\" data-id=\"11e2790\" data-element_type=\"widget\" data-settings=\"{&quot;_position&quot;:&quot;absolute&quot;}\" data-widget_type=\"heading.default\">\n\t\t\t\t<div class=\"elementor-widget-container\">\n\t\t\t\t\t<h2 class=\"elementor-heading-title elementor-size-default\">Nuestros Servicios en L\u00ednea<\/h2>\t\t\t\t<\/div>\n\t\t\t\t<\/div>\n\t\t\t\t<\/div>\n\t\t\t\t<\/div>\n\t\t","protected":false},"excerpt":{"rendered":"<p>Somos Electro Riego, una empresa comprometida con la excelencia en la provisi\u00f3n de soluciones integrales de riego y servicios el\u00e9ctricos. [&hellip;]<\/p>\n","protected":false},"author":1,"featured_media":0,"parent":0,"menu_order":0,"comment_status":"closed","ping_status":"closed","template":"","meta":{"site-sidebar-layout":"no-sidebar","site-content-layout":"","ast-site-content-layout":"full-width-container","site-content-style":"default","site-sidebar-style":"default","ast-global-header-display":"","ast-banner-title-visibility":"","ast-main-header-display":"","ast-hfb-above-header-display":"","ast-hfb-below-header-display":"","ast-hfb-mobile-header-display":"","site-post-title":"disabled","ast-breadcrumbs-content":"","ast-featured-img":"disabled","footer-sml-layout":"","ast-disable-related-posts":"","theme-transparent-header-meta":"","adv-header-id-meta":"","stick-header-meta":"","header-above-stick-meta":"","header-main-stick-meta":"","header-below-stick-meta":"","astra-migrate-meta-layouts":"default","ast-page-background-enabled":"default","ast-page-background-meta":{"desktop":{"background-color":"var(--ast-global-color-4)","background-image":"","background-repeat":"repeat","background-position":"center center","background-size":"auto","background-attachment":"scroll","background-type":"","background-media":"","overlay-type":"","overlay-color":"","overlay-opacity":"","overlay-gradient":""},"tablet":{"background-color":"","background-image":"","background-repeat":"repeat","background-position":"center center","background-size":"auto","background-attachment":"scroll","background-type":"","background-media":"","overlay-type":"","overlay-color":"","overlay-opacity":"","overlay-gradient":""},"mobile":{"background-color":"","background-image":"","background-repeat":"repeat","background-position":"center center","background-size":"auto","background-attachment":"scroll","background-type":"","background-media":"","overlay-type":"","overlay-color":"","overlay-opacity":"","overlay-gradient":""}},"ast-content-background-meta":{"desktop":{"background-color":"var(--ast-global-color-5)","background-image":"","background-repeat":"repeat","background-position":"center center","background-size":"auto","background-attachment":"scroll","background-type":"","background-media":"","overlay-type":"","overlay-color":"","overlay-opacity":"","overlay-gradient":""},"tablet":{"background-color":"var(--ast-global-color-5)","background-image":"","background-repeat":"repeat","background-position":"center center","background-size":"auto","background-attachment":"scroll","background-type":"","background-media":"","overlay-type":"","overlay-color":"","overlay-opacity":"","overlay-gradient":""},"mobile":{"background-color":"var(--ast-global-color-5)","background-image":"","background-repeat":"repeat","background-position":"center center","background-size":"auto","background-attachment":"scroll","background-type":"","background-media":"","overlay-type":"","overlay-color":"","overlay-opacity":"","overlay-gradient":""}},"footnotes":""},"_links":{"self":[{"href":"https:\/\/electroriego.com\/index.php?rest_route=\/wp\/v2\/pages\/53"}],"collection":[{"href":"https:\/\/electroriego.com\/index.php?rest_route=\/wp\/v2\/pages"}],"about":[{"href":"https:\/\/electroriego.com\/index.php?rest_route=\/wp\/v2\/types\/page"}],"author":[{"embeddable":true,"href":"https:\/\/electroriego.com\/index.php?rest_route=\/wp\/v2\/users\/1"}],"replies":[{"embeddable":true,"href":"https:\/\/electroriego.com\/index.php?rest_route=%2Fwp%2Fv2%2Fcomments&post=53"}],"version-history":[{"count":12,"href":"https:\/\/electroriego.com\/index.php?rest_route=\/wp\/v2\/pages\/53\/revisions"}],"predecessor-version":[{"id":183,"href":"https:\/\/electroriego.com\/index.php?rest_route=\/wp\/v2\/pages\/53\/revisions\/183"}],"wp:attachment":[{"href":"https:\/\/electroriego.com\/index.php?rest_route=%2Fwp%2Fv2%2Fmedia&parent=53"}],"curies":[{"name":"wp","href":"https:\/\/api.w.org\/{rel}","templated":true}]}}