{"id":240,"date":"2024-03-12T20:36:05","date_gmt":"2024-03-12T23:36:05","guid":{"rendered":"https:\/\/electroriego.com\/?post_type=product&#038;p=240"},"modified":"2024-03-12T20:36:05","modified_gmt":"2024-03-12T23:36:05","slug":"sensor-de-lluvia-mini-click","status":"publish","type":"product","link":"https:\/\/electroriego.com\/?product=sensor-de-lluvia-mini-click","title":{"rendered":"Sensor de lluvia Mini-click"},"content":{"rendered":"<p>El sensor de lluvia Mini-Clik es un dispositivo dise\u00f1ado para interrumpir el ciclo de riego de un sistema de riego autom\u00e1tico cuando detecta lluvia o una cantidad significativa de agua. Aqu\u00ed hay algunas caracter\u00edsticas t\u00edpicas del sensor de lluvia Mini-Clik:<\/p>\n<ol>\n<li><strong>Funcionamiento sensible:<\/strong> El Mini-Clik es sensible a la lluvia y puede detectar incluso peque\u00f1as cantidades de precipitaci\u00f3n. Esto garantiza que el riego se interrumpa r\u00e1pidamente en caso de lluvia, evitando el desperdicio de agua y ayudando a mantener un paisaje m\u00e1s saludable.<\/li>\n<li><strong>Mecanismo de disparo r\u00e1pido:<\/strong> Cuando se detecta agua suficiente, el Mini-Clik activa un interruptor que detiene autom\u00e1ticamente el ciclo de riego en el controlador del sistema. Este proceso es r\u00e1pido y eficiente, asegurando una respuesta inmediata ante la lluvia.<\/li>\n<li><strong>Compatibilidad:<\/strong> El Mini-Clik es compatible con una amplia variedad de controladores de sistemas de riego, incluidos muchos modelos de Hunter, Rain Bird y otros fabricantes.<\/li>\n<li><strong>Ajuste de sensibilidad:<\/strong> Algunos modelos de Mini-Clik ofrecen la posibilidad de ajustar la sensibilidad del sensor, lo que permite personalizar su funcionamiento para adaptarse mejor a las condiciones clim\u00e1ticas locales y a las necesidades espec\u00edficas del paisaje.<\/li>\n<li><strong>F\u00e1cil instalaci\u00f3n:<\/strong> El sensor de lluvia Mini-Clik es relativamente f\u00e1cil de instalar y se puede montar en una variedad de ubicaciones, como postes, paredes o techos, para maximizar su eficacia.<\/li>\n<li><strong>Durabilidad:<\/strong> Estos sensores est\u00e1n dise\u00f1ados para resistir las condiciones clim\u00e1ticas adversas y son duraderos a lo largo del tiempo.<\/li>\n<li><strong>Mantenimiento m\u00ednimo:<\/strong> Una vez instalado, el Mini-Clik requiere poco mantenimiento y puede funcionar de manera confiable durante a\u00f1os.<\/li>\n<\/ol>\n","protected":false},"excerpt":{"rendered":"<p>El sensor de lluvia Mini-Clik es un dispositivo dise\u00f1ado para interrumpir el ciclo de riego de un sistema de riego [&hellip;]<\/p>\n","protected":false},"featured_media":242,"comment_status":"open","ping_status":"closed","template":"","meta":{"site-sidebar-layout":"default","site-content-layout":"","ast-site-content-layout":"default","site-content-style":"default","site-sidebar-style":"default","ast-global-header-display":"","ast-banner-title-visibility":"","ast-main-header-display":"","ast-hfb-above-header-display":"","ast-hfb-below-header-display":"","ast-hfb-mobile-header-display":"","site-post-title":"","ast-breadcrumbs-content":"","ast-featured-img":"","footer-sml-layout":"","ast-disable-related-posts":"","theme-transparent-header-meta":"default","adv-header-id-meta":"","stick-header-meta":"","header-above-stick-meta":"","header-main-stick-meta":"","header-below-stick-meta":"","astra-migrate-meta-layouts":"set","ast-page-background-enabled":"default","ast-page-background-meta":{"desktop":{"background-color":"var(--ast-global-color-4)","background-image":"","background-repeat":"repeat","background-position":"center center","background-size":"auto","background-attachment":"scroll","background-type":"","background-media":"","overlay-type":"","overlay-color":"","overlay-opacity":"","overlay-gradient":""},"tablet":{"background-color":"","background-image":"","background-repeat":"repeat","background-position":"center center","background-size":"auto","background-attachment":"scroll","background-type":"","background-media":"","overlay-type":"","overlay-color":"","overlay-opacity":"","overlay-gradient":""},"mobile":{"background-color":"","background-image":"","background-repeat":"repeat","background-position":"center center","background-size":"auto","background-attachment":"scroll","background-type":"","background-media":"","overlay-type":"","overlay-color":"","overlay-opacity":"","overlay-gradient":""}},"ast-content-background-meta":{"desktop":{"background-color":"var(--ast-global-color-5)","background-image":"","background-repeat":"repeat","background-position":"center center","background-size":"auto","background-attachment":"scroll","background-type":"","background-media":"","overlay-type":"","overlay-color":"","overlay-opacity":"","overlay-gradient":""},"tablet":{"background-color":"var(--ast-global-color-5)","background-image":"","background-repeat":"repeat","background-position":"center center","background-size":"auto","background-attachment":"scroll","background-type":"","background-media":"","overlay-type":"","overlay-color":"","overlay-opacity":"","overlay-gradient":""},"mobile":{"background-color":"var(--ast-global-color-5)","background-image":"","background-repeat":"repeat","background-position":"center center","background-size":"auto","background-attachment":"scroll","background-type":"","background-media":"","overlay-type":"","overlay-color":"","overlay-opacity":"","overlay-gradient":""}}},"product_cat":[27],"product_tag":[],"_links":{"self":[{"href":"https:\/\/electroriego.com\/index.php?rest_route=\/wp\/v2\/product\/240"}],"collection":[{"href":"https:\/\/electroriego.com\/index.php?rest_route=\/wp\/v2\/product"}],"about":[{"href":"https:\/\/electroriego.com\/index.php?rest_route=\/wp\/v2\/types\/product"}],"replies":[{"embeddable":true,"href":"https:\/\/electroriego.com\/index.php?rest_route=%2Fwp%2Fv2%2Fcomments&post=240"}],"version-history":[{"count":1,"href":"https:\/\/electroriego.com\/index.php?rest_route=\/wp\/v2\/product\/240\/revisions"}],"predecessor-version":[{"id":243,"href":"https:\/\/electroriego.com\/index.php?rest_route=\/wp\/v2\/product\/240\/revisions\/243"}],"wp:featuredmedia":[{"embeddable":true,"href":"https:\/\/electroriego.com\/index.php?rest_route=\/wp\/v2\/media\/242"}],"wp:attachment":[{"href":"https:\/\/electroriego.com\/index.php?rest_route=%2Fwp%2Fv2%2Fmedia&parent=240"}],"wp:term":[{"taxonomy":"product_cat","embeddable":true,"href":"https:\/\/electroriego.com\/index.php?rest_route=%2Fwp%2Fv2%2Fproduct_cat&post=240"},{"taxonomy":"product_tag","embeddable":true,"href":"https:\/\/electroriego.com\/index.php?rest_route=%2Fwp%2Fv2%2Fproduct_tag&post=240"}],"curies":[{"name":"wp","href":"https:\/\/api.w.org\/{rel}","templated":true}]}}